{"id":5,"date":"2018-02-11T19:17:27","date_gmt":"2018-02-11T18:17:27","guid":{"rendered":"http:\/\/edu4you.creator.edu.pl\/?page_id=5"},"modified":"2023-06-29T12:43:14","modified_gmt":"2023-06-29T10:43:14","slug":"home","status":"publish","type":"page","link":"https:\/\/edu4you.creator.edu.pl\/","title":{"rendered":"Home"},"content":{"rendered":"<div class=\"lps-block-preview\"><section class=\"latest-post-selection three-columns as-column has-shadow hover-zoom content-center light ver2\" id=\"lps-07e51a41e1b5d144ac5674c4b4db9679\" style=\"\" role=\"list\"><article class=\"post-625 post type-post status-publish format-standard has-post-thumbnail hentry category-bez-kategorii has-link\" data-lps-id=\"625\" role=\"listitem\"><figure class=\"article__image\"><img decoding=\"async\" src=\"https:\/\/edu4you.creator.edu.pl\/wp-content\/uploads\/2026\/03\/EU-flag-Erasmus_vect_POS300kw-1.png\" class=\"lps-tile-main-image lps-custom-medium\" loading=\"lazy\" alt=\"Pulse of Nature \u2013 Tracing Urban Biodiversity\" width=\"300\" height=\"300\" srcset=\"https:\/\/edu4you.creator.edu.pl\/wp-content\/uploads\/2026\/03\/EU-flag-Erasmus_vect_POS300kw-1.png 300w, https:\/\/edu4you.creator.edu.pl\/wp-content\/uploads\/2026\/03\/EU-flag-Erasmus_vect_POS300kw-1-150x150.png 150w\"><\/figure><div class=\"article__info\"><h3 class=\"article__title item-title-tag\"><a href=\"https:\/\/edu4you.creator.edu.pl\/index.php\/2026\/03\/27\/pulse-of-nature-tracing-urban-biodiversity\/\" title=\"Pulse of Nature \u2013 Tracing Urban Biodiversity\" class=\"article__link main-link\">Pulse of Nature \u2013 Tracing Urban Biodiversity<\/a><\/h3><\/div><\/article><article class=\"post-602 post type-post status-publish format-standard has-post-thumbnail hentry category-bez-kategorii category-projekty has-link\" data-lps-id=\"602\" role=\"listitem\"><figure class=\"article__image\"><img decoding=\"async\" src=\"https:\/\/edu4you.creator.edu.pl\/wp-content\/uploads\/2026\/03\/EU-flag-Erasmus_vect_POS300kw.png\" class=\"lps-tile-main-image lps-custom-medium\" loading=\"lazy\" alt=\"Projekt: \u201dCyber Aware&quot;\" width=\"300\" height=\"300\" srcset=\"https:\/\/edu4you.creator.edu.pl\/wp-content\/uploads\/2026\/03\/EU-flag-Erasmus_vect_POS300kw.png 300w, https:\/\/edu4you.creator.edu.pl\/wp-content\/uploads\/2026\/03\/EU-flag-Erasmus_vect_POS300kw-150x150.png 150w\"><\/figure><div class=\"article__info\"><h3 class=\"article__title item-title-tag\"><a href=\"https:\/\/edu4you.creator.edu.pl\/index.php\/2026\/03\/27\/projekt-cyber-aware\/\" title=\"Projekt: \u201dCyber Aware&quot;\" class=\"article__link main-link\">Projekt: \u201dCyber Aware&#8221;<\/a><\/h3><\/div><\/article><article class=\"post-585 post type-post status-publish format-standard has-post-thumbnail hentry category-bez-kategorii category-projekty has-link\" data-lps-id=\"585\" role=\"listitem\"><figure class=\"article__image\"><img decoding=\"async\" src=\"https:\/\/edu4you.creator.edu.pl\/wp-content\/uploads\/2026\/02\/EU-flag-Erasmus_vect_POS300kw.png\" class=\"lps-tile-main-image lps-custom-medium\" loading=\"lazy\" alt=\"Projekt \u201eWe Are All the Same\u201d\" width=\"300\" height=\"300\" srcset=\"https:\/\/edu4you.creator.edu.pl\/wp-content\/uploads\/2026\/02\/EU-flag-Erasmus_vect_POS300kw.png 300w, https:\/\/edu4you.creator.edu.pl\/wp-content\/uploads\/2026\/02\/EU-flag-Erasmus_vect_POS300kw-150x150.png 150w\"><\/figure><div class=\"article__info\"><h3 class=\"article__title item-title-tag\"><a href=\"https:\/\/edu4you.creator.edu.pl\/index.php\/2026\/02\/11\/projekt-we-are-all-the-same\/\" title=\"Projekt \u201eWe Are All the Same\u201d\" class=\"article__link main-link\">Projekt \u201eWe Are All the Same\u201d<\/a><\/h3><\/div><\/article><article class=\"post-541 post type-post status-publish format-standard has-post-thumbnail hentry category-projekty has-link\" data-lps-id=\"541\" role=\"listitem\"><figure class=\"article__image\"><img decoding=\"async\" src=\"https:\/\/edu4you.creator.edu.pl\/wp-content\/uploads\/2023\/08\/aktywni400-300x214.png\" class=\"lps-tile-main-image lps-custom-medium\" loading=\"lazy\" alt=\"Projekt pt: \u201eAktywno\u015b\u0107 Obywatelska 60+: Od Idei do Dzia\u0142a\u0144\u201d\" width=\"300\" height=\"214\" srcset=\"https:\/\/edu4you.creator.edu.pl\/wp-content\/uploads\/2023\/08\/aktywni400-300x214.png 300w, https:\/\/edu4you.creator.edu.pl\/wp-content\/uploads\/2023\/08\/aktywni400.png 719w\"><\/figure><div class=\"article__info\"><h3 class=\"article__title item-title-tag\"><a href=\"https:\/\/edu4you.creator.edu.pl\/index.php\/2025\/08\/07\/projekt-pt-aktywnosc-obywatelska-60-od-idei-do-dzialan\/\" title=\"Projekt pt: \u201eAktywno\u015b\u0107 Obywatelska 60+: Od Idei do Dzia\u0142a\u0144\u201d\" class=\"article__link main-link\">Projekt pt: \u201eAktywno\u015b\u0107 Obywatelska 60+: Od Idei do Dzia\u0142a\u0144\u201d<\/a><\/h3><\/div><\/article><article class=\"post-517 post type-post status-publish format-standard has-post-thumbnail hentry category-projekty has-link\" data-lps-id=\"517\" role=\"listitem\"><figure class=\"article__image\"><img decoding=\"async\" src=\"https:\/\/edu4you.creator.edu.pl\/wp-content\/uploads\/2023\/05\/EU-flag-Erasmus_vect_POS300kw.png\" class=\"lps-tile-main-image lps-custom-medium\" loading=\"lazy\" alt=\"Projekt &quot;Ekopolitycy - to My&quot;\" width=\"300\" height=\"300\" srcset=\"https:\/\/edu4you.creator.edu.pl\/wp-content\/uploads\/2023\/05\/EU-flag-Erasmus_vect_POS300kw.png 300w, https:\/\/edu4you.creator.edu.pl\/wp-content\/uploads\/2023\/05\/EU-flag-Erasmus_vect_POS300kw-150x150.png 150w\"><\/figure><div class=\"article__info\"><h3 class=\"article__title item-title-tag\"><a href=\"https:\/\/edu4you.creator.edu.pl\/index.php\/2024\/10\/09\/projekt-ekopolitycy-to-my\/\" title=\"Projekt &quot;Ekopolitycy - to My&quot;\" class=\"article__link main-link\">Projekt &#8222;Ekopolitycy &#8211; to My&#8221;<\/a><\/h3><\/div><\/article><article class=\"post-495 post type-post status-publish format-standard has-post-thumbnail hentry category-projekty has-link\" data-lps-id=\"495\" role=\"listitem\"><figure class=\"article__image\"><img decoding=\"async\" src=\"https:\/\/edu4you.creator.edu.pl\/wp-content\/uploads\/2023\/05\/EU-flag-Erasmus_vect_POS300kw.png\" class=\"lps-tile-main-image lps-custom-medium\" loading=\"lazy\" alt=\"Projekt ekologiczny &quot;10 dni dla Ziemi&quot;\" width=\"300\" height=\"300\" srcset=\"https:\/\/edu4you.creator.edu.pl\/wp-content\/uploads\/2023\/05\/EU-flag-Erasmus_vect_POS300kw.png 300w, https:\/\/edu4you.creator.edu.pl\/wp-content\/uploads\/2023\/05\/EU-flag-Erasmus_vect_POS300kw-150x150.png 150w\"><\/figure><div class=\"article__info\"><h3 class=\"article__title item-title-tag\"><a href=\"https:\/\/edu4you.creator.edu.pl\/index.php\/2024\/07\/04\/projekt-ekologiczny10-dni-dla-ziemi\/\" title=\"Projekt ekologiczny &quot;10 dni dla Ziemi&quot;\" class=\"article__link main-link\">Projekt ekologiczny &#8222;10 dni dla Ziemi&#8221;<\/a><\/h3><\/div><\/article><\/section><\/div>","protected":false},"excerpt":{"rendered":"","protected":false},"author":1,"featured_media":0,"parent":0,"menu_order":0,"comment_status":"closed","ping_status":"closed","template":"","meta":{"footnotes":""},"class_list":["post-5","page","type-page","status-publish","hentry"],"_links":{"self":[{"href":"https:\/\/edu4you.creator.edu.pl\/index.php\/wp-json\/wp\/v2\/pages\/5","targetHints":{"allow":["GET"]}}],"collection":[{"href":"https:\/\/edu4you.creator.edu.pl\/index.php\/wp-json\/wp\/v2\/pages"}],"about":[{"href":"https:\/\/edu4you.creator.edu.pl\/index.php\/wp-json\/wp\/v2\/types\/page"}],"author":[{"embeddable":true,"href":"https:\/\/edu4you.creator.edu.pl\/index.php\/wp-json\/wp\/v2\/users\/1"}],"replies":[{"embeddable":true,"href":"https:\/\/edu4you.creator.edu.pl\/index.php\/wp-json\/wp\/v2\/comments?post=5"}],"version-history":[{"count":5,"href":"https:\/\/edu4you.creator.edu.pl\/index.php\/wp-json\/wp\/v2\/pages\/5\/revisions"}],"predecessor-version":[{"id":388,"href":"https:\/\/edu4you.creator.edu.pl\/index.php\/wp-json\/wp\/v2\/pages\/5\/revisions\/388"}],"wp:attachment":[{"href":"https:\/\/edu4you.creator.edu.pl\/index.php\/wp-json\/wp\/v2\/media?parent=5"}],"curies":[{"name":"wp","href":"https:\/\/api.w.org\/{rel}","templated":true}]}}