{"id":13,"date":"2018-02-12T15:16:25","date_gmt":"2018-02-12T14:16:25","guid":{"rendered":"http:\/\/edu4you.creator.edu.pl\/?page_id=13"},"modified":"2018-12-07T12:47:14","modified_gmt":"2018-12-07T11:47:14","slug":"misja","status":"publish","type":"page","link":"https:\/\/edu4you.creator.edu.pl\/index.php\/misja\/","title":{"rendered":"Misja"},"content":{"rendered":"<p>Prowadzone przez Fundacj\u0119 dzia\u0142ania maj\u0105 zasi\u0119g lokalny oraz og\u00f3lnopolski.\u00a0 Dzia\u0142ania<br \/>\nFundacji maj\u0105 charakter edukacyjny i s\u0105 adresowane do os\u00f3b w r\u00f3\u017cnym wieku, od<br \/>\nnajm\u0142odszych i m\u0142odzie\u017c, po osoby doros\u0142e i senior\u00f3w.<br \/>\nMisj\u0105 Fundacji jest:<\/p>\n<ul>\n<li>\u00a0Wspieranie form edukacji i aktywno\u015bci, kt\u00f3re s\u0142u\u017c\u0105 og\u00f3lnemu dobru.<\/li>\n<li>Wspieranie rozwoju o\u015bwiaty, edukacji, wychowania dzieci i m\u0142odzie\u017cy<\/li>\n<li>Aktywizowanie os\u00f3b starszych w\u00a0celu podejmowania dzia\u0142a\u0144 zmierzaj\u0105cych do poprawy<br \/>\njako\u015bci ich \u017cycia.<\/li>\n<li>Promowanie dzia\u0142a\u0144, kt\u00f3re podnosz\u0105 spo\u0142eczn\u0105 \u015bwiadomo\u015b\u0107, otwarto\u015b\u0107 i wra\u017cliwo\u015b\u0107<br \/>\nkulturow\u0105 i \u015brodowiskow\u0105.<\/li>\n<li>Promowanie zdrowego, \u015bwiadomego stylu \u017cycia i zdrowia.<\/li>\n<li>Propagowanie wzajemnego zrozumienia i otwarto\u015bci na dialog i porozumienie<br \/>\nmi\u0119dzykulturowe.<\/li>\n<li>Propagowanie aktywno\u015bci fizycznej i sportu.<\/li>\n<li>Upowszechnianie r\u00f3\u017cnych metod rozwoju osobistego, kt\u00f3re pomagaj\u0105 w podniesieniu<br \/>\njako\u015bci \u017cycia.<\/li>\n<\/ul>\n","protected":false},"excerpt":{"rendered":"<p>Prowadzone przez Fundacj\u0119 dzia\u0142ania maj\u0105 zasi\u0119g lokalny oraz og\u00f3lnopolski.\u00a0 Dzia\u0142ania Fundacji maj\u0105 charakter edukacyjny i s\u0105 adresowane do os\u00f3b w r\u00f3\u017cnym wieku, od najm\u0142odszych i m\u0142odzie\u017c, po osoby doros\u0142e i senior\u00f3w. Misj\u0105 Fundacji jest: \u00a0Wspieranie form edukacji i aktywno\u015bci, kt\u00f3re s\u0142u\u017c\u0105 og\u00f3lnemu dobru. Wspieranie rozwoju o\u015bwiaty, edukacji, wychowania dzieci i m\u0142odzie\u017cy Aktywizowanie os\u00f3b starszych w\u00a0celu&hellip;<\/p>\n","protected":false},"author":1,"featured_media":63,"parent":0,"menu_order":0,"comment_status":"closed","ping_status":"closed","template":"","meta":{"footnotes":""},"class_list":["post-13","page","type-page","status-publish","has-post-thumbnail","hentry"],"_links":{"self":[{"href":"https:\/\/edu4you.creator.edu.pl\/index.php\/wp-json\/wp\/v2\/pages\/13","targetHints":{"allow":["GET"]}}],"collection":[{"href":"https:\/\/edu4you.creator.edu.pl\/index.php\/wp-json\/wp\/v2\/pages"}],"about":[{"href":"https:\/\/edu4you.creator.edu.pl\/index.php\/wp-json\/wp\/v2\/types\/page"}],"author":[{"embeddable":true,"href":"https:\/\/edu4you.creator.edu.pl\/index.php\/wp-json\/wp\/v2\/users\/1"}],"replies":[{"embeddable":true,"href":"https:\/\/edu4you.creator.edu.pl\/index.php\/wp-json\/wp\/v2\/comments?post=13"}],"version-history":[{"count":1,"href":"https:\/\/edu4you.creator.edu.pl\/index.php\/wp-json\/wp\/v2\/pages\/13\/revisions"}],"predecessor-version":[{"id":14,"href":"https:\/\/edu4you.creator.edu.pl\/index.php\/wp-json\/wp\/v2\/pages\/13\/revisions\/14"}],"wp:featuredmedia":[{"embeddable":true,"href":"https:\/\/edu4you.creator.edu.pl\/index.php\/wp-json\/wp\/v2\/media\/63"}],"wp:attachment":[{"href":"https:\/\/edu4you.creator.edu.pl\/index.php\/wp-json\/wp\/v2\/media?parent=13"}],"curies":[{"name":"wp","href":"https:\/\/api.w.org\/{rel}","templated":true}]}}