{"id":11,"date":"2018-02-12T15:15:12","date_gmt":"2018-02-12T14:15:12","guid":{"rendered":"http:\/\/edu4you.creator.edu.pl\/?page_id=11"},"modified":"2018-02-13T12:36:20","modified_gmt":"2018-02-13T11:36:20","slug":"cele","status":"publish","type":"page","link":"https:\/\/edu4you.creator.edu.pl\/index.php\/cele\/","title":{"rendered":"Cele"},"content":{"rendered":"<p>Fundacja &#8222;Edu4You&#8221; to organizacja pozarz\u0105dowa non-profit, kt\u00f3ra swoj\u0105 dzia\u0142alno\u015b\u0107\u00a0 rozpocz\u0119\u0142a 18 grudnia 2017 r.\u00a0 Siedzib\u0105 Fundacji jest miasto \u0141\u00f3d\u017a. Fundacja swoim dzia\u0142aniem obejmuje obszar Rzeczypospolitej Polskiej. Dla w\u0142a\u015bciwego realizowania swych cel\u00f3w Fundacja mo\u017ce prowadzi\u0107 dzia\u0142alno\u015b\u0107 r\u00f3wnie\u017c poza granicami<br \/>\nRzeczypospolitej Polskiej.<br \/>\nFundacja prowadzi nieodp\u0142atn\u0105 dzia\u0142alno\u015b\u0107 po\u017cytku publicznego. Fundacja nie prowadzi dzia\u0142alno\u015bci odp\u0142atnej.<br \/>\nNadz\u00f3r nad Fundacj\u0105 sprawuje Minister Edukacji Narodowej.<\/p>\n<p>Celem Fundacji jest:<\/p>\n<ol>\n<li>Dzia\u0142alno\u015b\u0107 o\u015bwiatowo-kulturalna, szczeg\u00f3lnie wspieranie, promowanie i niesienie pomocy w rozwoju kariery dzieci i m\u0142odzie\u017cy a tak\u017ce kszta\u0142cenia doros\u0142ych.<\/li>\n<li>Inicjowanie i wspieranie nowatorskich rozwi\u0105za\u0144 w r\u00f3\u017cnorodnych dziedzinach \u017cycia spo\u0142ecznego, a szczeg\u00f3lnie w ochronie poszanowania godno\u015bci, praw i wolno\u015bci cz\u0142owieka i obywatela, w ochronie \u017cycia rodzinnego i profilaktyce spo\u0142ecznej.<\/li>\n<li>Wspieranie rozwoju edukacji pozaformalnej dzieci, m\u0142odzie\u017cy i os\u00f3b doros\u0142ych m.in. poprzez wsparcie reform w edukacji, wymian\u0119 dobrych praktyk czy mobilno\u015b\u0107 edukacyjn\u0105 (wymiany m\u0142odzie\u017cy, wolontariaty).<\/li>\n<li>Upowszechnianie i ochrona wolno\u015bci i praw cz\u0142owieka oraz swob\u00f3d obywatelskich, a tak\u017ce wspieranie i podejmowanie dzia\u0142a\u0144 wspomagaj\u0105cych rozw\u00f3j demokracji.<\/li>\n<li>Kszta\u0142towanie proeuropejskich postaw obywatelskich, popularyzowanie idei integracji europejskiej, wdra\u017canie zasad demokracji oraz wspieranie i podejmowanie dzia\u0142a\u0144 na rzecz promocji Rzeczypospolitej Polskiej za granic\u0105;<\/li>\n<li>Propagowanie kultury, sztuki, ochrony d\u00f3br kultury i dziedzictwa narodowego.<\/li>\n<li>\u00a0Wspieranie i podejmowanie dzia\u0142a\u0144 na rzecz turystyki i krajoznawstwa oraz kultury fizycznej i sportu;<\/li>\n<li>Wspieranie i podejmowanie dzia\u0142a\u0144 na rzecz ekologii i ochrony \u015brodowiska oraz ochrony dziedzictwa przyrodniczego.<\/li>\n<li>Wspieranie i podejmowanie dzia\u0142a\u0144 na rzecz integracji i reintegracji zawodowej i spo\u0142ecznej os\u00f3b zagro\u017conych wykluczeniem spo\u0142ecznym.<\/li>\n<li>Wspieranie i podejmowanie dzia\u0142a\u0144 na rzecz rodziny, macierzy\u0144stwa, rodzicielstwa, upowszechniania i ochrony praw dziecka.<\/li>\n<li>Przeciwdzia\u0142anie uzale\u017cnieniom i patologiom spo\u0142ecznym.<\/li>\n<li>Wspieranie i podejmowanie dzia\u0142a\u0144 na rzecz os\u00f3b w wieku emerytalnym.<\/li>\n<li>Wspieranie i podejmowanie dzia\u0142a\u0144 na rzecz wypoczynku dzieci i m\u0142odzie\u017cy.<\/li>\n<li>Wspieranie i podejmowanie dzia\u0142a\u0144 na rzecz ochrony zdrowia i pomocy spo\u0142ecznej.<\/li>\n<li>Dzia\u0142anie na rzecz humanitarnego traktowania zwierz\u0105t.<\/li>\n<\/ol>\n<p>Fundacja realizuje swoje cele statutowe w szczeg\u00f3lno\u015bci poprzez:<\/p>\n<p>a) dzia\u0142ania na rzecz ochrony praw i swob\u00f3d obywatelskich, r\u00f3wnych praw kobiet i mniejszo\u015bci, dost\u0119pu obywateli do informacji, pomocy prawnej i wymiaru sprawiedliwo\u015bci oraz propagowania postaw obywatelskiej aktywno\u015bci i odpowiedzialno\u015bci,<br \/>\nb) dzia\u0142ania wspomagaj\u0105ce rozw\u00f3j spo\u0142eczno\u015bci lokalnych, samorz\u0105dnych wsp\u00f3lnot, organizacji pozarz\u0105dowych i innych instytucji dzia\u0142aj\u0105cych na rzecz dobra publicznego w r\u00f3\u017cnych dziedzinach \u017cycia spo\u0142ecznego (m.in.: edukacja, nauka, kultura, informacja, integracja europejska, ochrona \u015brodowiska, ochrona zdrowia, przedsi\u0119biorczo\u015b\u0107, pomoc spo\u0142eczna, charytatywna i humanitarna),<br \/>\nc) dzia\u0142ania s\u0142u\u017c\u0105ce wyr\u00f3wnywaniu szans grup s\u0142abszych lub zagro\u017conych spo\u0142ecznym wykluczeniem (m.in. niepe\u0142nosprawnych, mniejszo\u015bci, uchod\u017ac\u00f3w, dzieci i m\u0142odzie\u017cy ze \u015brodowisk patologicznych lub teren\u00f3w zaniedbanych gospodarczo, spo\u0142ecznie, kulturowo),<br \/>\nd) wsp\u00f3\u0142prac\u0119 mi\u0119dzynarodow\u0105 na rzecz rozwoju demokracji, rynku, edukacji, nauki, kultury, wymiany informacji, ochrony \u015brodowiska i zdrowia, pomocy spo\u0142ecznej i humanitarnej, ze szczeg\u00f3lnym uwzgl\u0119dnieniem wsp\u00f3\u0142pracy w regionie Europy \u015arodkowej i Wschodniej,<br \/>\ne) programy stypendialne i szkoleniowe dla m\u0142odzie\u017cy szkolnej i akademickiej, wolontariuszy oraz specjalist\u00f3w r\u00f3\u017cnych dziedzin,<br \/>\nf) podejmowanie wszelkiej dzia\u0142alno\u015bci s\u0142u\u017c\u0105cej rozwojowi spo\u0142eczno-ekonomicznemu dzieci, m\u0142odzie\u017cy oraz os\u00f3b doros\u0142ych, w tym fundowanie stypendi\u00f3w,<br \/>\ng) organizowanie koncert\u00f3w, wyst\u0119p\u00f3w, wystaw, wernisa\u017cy prac m\u0142odych tw\u00f3rc\u00f3w w kraju i za granic\u0105,<br \/>\nh) fundowanie stypendi\u00f3w, zw\u0142aszcza uzdolnionym dzieciom i m\u0142odzie\u017cy z rodzin najbiedniejszych,<br \/>\ni) wsp\u00f3\u0142prac\u0119 z w\u0142adzami samorz\u0105dowymi, rz\u0105dowymi, organizacjami pozarz\u0105dowymi i przedsi\u0119biorcami w zakresie wymienionym w celach dzia\u0142ania Fundacji,<br \/>\nj) organizowanie wypoczynku dla dzieci i m\u0142odzie\u017cy,<br \/>\nk) wspieranie rodziny i systemu pieczy zast\u0119pczej,<br \/>\nl) propagowanie ochrony i promocji zdrowia,<br \/>\nm) wspieranie i upowszechnianie kultury fizycznej,<br \/>\nn) upowszechnianie ratownictwa i ochrony ludno\u015bci,<br \/>\no) przeciwdzia\u0142anie uzale\u017cnieniom i patologiom spo\u0142ecznym,<br \/>\np) wspieranie pomocy spo\u0142ecznej, w tym pomocy rodzinom i osobom w trudnej sytuacji \u017cyciowej oraz wyr\u00f3wnywania szans tych rodzin i os\u00f3b,<br \/>\nq) prowadzenie dzia\u0142a\u0144 z zakresu przeciwdzia\u0142ania przemocy,<br \/>\nr) wspieranie dzia\u0142alno\u015bci na rzecz os\u00f3b niepe\u0142nosprawnych,<br \/>\ns) niesienie pomocy Polonii i Polakom za granic\u0105,<br \/>\nt) prowadzenie dzia\u0142alno\u015bci na rzecz integracji europejskiej oraz rozwijania kontakt\u00f3w i wsp\u00f3\u0142pracy mi\u0119dzy spo\u0142ecze\u0144stwami,<br \/>\nu) upowszechnianie kultury i dziedzictwa narodowego,<br \/>\nv) aktywizacja spo\u0142ecze\u0144stwa, wspieranie proekologicznych inicjatyw obywatelskich,<br \/>\nw) organizowanie akcji edukacyjnych s\u0142u\u017c\u0105cych budowaniu spo\u0142ecznej \u015bwiadomo\u015bci o prawach zwierz\u0105t, przyczynach bezdomno\u015bci, sposobach rozwi\u0105zywania tego problemu.<\/p>\n","protected":false},"excerpt":{"rendered":"<p>Fundacja &#8222;Edu4You&#8221; to organizacja pozarz\u0105dowa non-profit, kt\u00f3ra swoj\u0105 dzia\u0142alno\u015b\u0107\u00a0 rozpocz\u0119\u0142a 18 grudnia 2017 r.\u00a0 Siedzib\u0105 Fundacji jest miasto \u0141\u00f3d\u017a. Fundacja swoim dzia\u0142aniem obejmuje obszar Rzeczypospolitej Polskiej. Dla w\u0142a\u015bciwego realizowania swych cel\u00f3w Fundacja mo\u017ce prowadzi\u0107 dzia\u0142alno\u015b\u0107 r\u00f3wnie\u017c poza granicami Rzeczypospolitej Polskiej. Fundacja prowadzi nieodp\u0142atn\u0105 dzia\u0142alno\u015b\u0107 po\u017cytku publicznego. Fundacja nie prowadzi dzia\u0142alno\u015bci odp\u0142atnej. Nadz\u00f3r nad Fundacj\u0105 sprawuje&hellip;<\/p>\n","protected":false},"author":1,"featured_media":19,"parent":0,"menu_order":0,"comment_status":"closed","ping_status":"closed","template":"","meta":{"footnotes":""},"class_list":["post-11","page","type-page","status-publish","has-post-thumbnail","hentry"],"_links":{"self":[{"href":"https:\/\/edu4you.creator.edu.pl\/index.php\/wp-json\/wp\/v2\/pages\/11","targetHints":{"allow":["GET"]}}],"collection":[{"href":"https:\/\/edu4you.creator.edu.pl\/index.php\/wp-json\/wp\/v2\/pages"}],"about":[{"href":"https:\/\/edu4you.creator.edu.pl\/index.php\/wp-json\/wp\/v2\/types\/page"}],"author":[{"embeddable":true,"href":"https:\/\/edu4you.creator.edu.pl\/index.php\/wp-json\/wp\/v2\/users\/1"}],"replies":[{"embeddable":true,"href":"https:\/\/edu4you.creator.edu.pl\/index.php\/wp-json\/wp\/v2\/comments?post=11"}],"version-history":[{"count":1,"href":"https:\/\/edu4you.creator.edu.pl\/index.php\/wp-json\/wp\/v2\/pages\/11\/revisions"}],"predecessor-version":[{"id":12,"href":"https:\/\/edu4you.creator.edu.pl\/index.php\/wp-json\/wp\/v2\/pages\/11\/revisions\/12"}],"wp:featuredmedia":[{"embeddable":true,"href":"https:\/\/edu4you.creator.edu.pl\/index.php\/wp-json\/wp\/v2\/media\/19"}],"wp:attachment":[{"href":"https:\/\/edu4you.creator.edu.pl\/index.php\/wp-json\/wp\/v2\/media?parent=11"}],"curies":[{"name":"wp","href":"https:\/\/api.w.org\/{rel}","templated":true}]}}